{"id":3633,"date":"2024-10-31T13:43:34","date_gmt":"2024-10-31T12:43:34","guid":{"rendered":"https:\/\/www.theos-vienna.com\/sip-and-savour\/"},"modified":"2026-02-17T11:37:42","modified_gmt":"2026-02-17T10:37:42","slug":"sip-and-savour","status":"publish","type":"page","link":"https:\/\/www.theos-vienna.com\/de\/sip-and-savour\/","title":{"rendered":"Genie\u00dfen"},"content":{"rendered":"\t\t<div data-elementor-type=\"wp-page\" data-elementor-id=\"3633\" class=\"elementor elementor-3633 elementor-3357\">\n\t\t\t\t\t\t<section class=\"elementor-section elementor-top-section elementor-element elementor-element-f41c755 block-intro elementor-section-boxed elementor-section-height-default elementor-section-height-default\" data-id=\"f41c755\" data-element_type=\"section\" data-settings=\"{&quot;background_background&quot;:&quot;classic&quot;}\">\n\t\t\t\t\t\t<div class=\"elementor-container elementor-column-gap-default\">\n\t\t\t\t\t<div class=\"elementor-column elementor-col-100 elementor-top-column elementor-element elementor-element-480fc94\" data-id=\"480fc94\" data-element_type=\"column\">\n\t\t\t<div class=\"elementor-widget-wrap elementor-element-populated\">\n\t\t\t\t\t\t<section class=\"elementor-section elementor-inner-section elementor-element elementor-element-65f8517 elementor-section-boxed elementor-section-height-default elementor-section-height-default\" data-id=\"65f8517\" data-element_type=\"section\">\n\t\t\t\t\t\t<div class=\"elementor-container elementor-column-gap-default\">\n\t\t\t\t\t<div class=\"elementor-column elementor-col-100 elementor-inner-column elementor-element elementor-element-a4c83c6\" data-id=\"a4c83c6\" data-element_type=\"column\">\n\t\t\t<div class=\"elementor-widget-wrap elementor-element-populated\">\n\t\t\t\t\t\t<div class=\"elementor-element elementor-element-8c0e466 elementor-widget elementor-widget-heading\" data-id=\"8c0e466\" data-element_type=\"widget\" data-widget_type=\"heading.default\">\n\t\t\t\t<div class=\"elementor-widget-container\">\n\t\t\t\t\t<h1 class=\"elementor-heading-title elementor-size-default\">Genie\u00dfen<\/h1>\t\t\t\t<\/div>\n\t\t\t\t<\/div>\n\t\t\t\t\t<\/div>\n\t\t<\/div>\n\t\t\t\t\t<\/div>\n\t\t<\/section>\n\t\t\t\t\t<\/div>\n\t\t<\/div>\n\t\t\t\t\t<\/div>\n\t\t<\/section>\n\t\t\t\t<section class=\"elementor-section elementor-top-section elementor-element elementor-element-9b05bd8 elementor-section-boxed elementor-section-height-default elementor-section-height-default\" data-id=\"9b05bd8\" data-element_type=\"section\" data-settings=\"{&quot;background_background&quot;:&quot;classic&quot;}\">\n\t\t\t\t\t\t<div class=\"elementor-container elementor-column-gap-default\">\n\t\t\t\t\t<div class=\"elementor-column elementor-col-100 elementor-top-column elementor-element elementor-element-55e5b9a\" data-id=\"55e5b9a\" data-element_type=\"column\">\n\t\t\t<div class=\"elementor-widget-wrap elementor-element-populated\">\n\t\t\t\t\t\t<section class=\"elementor-section elementor-inner-section elementor-element elementor-element-b58c244 elementor-section-boxed elementor-section-height-default elementor-section-height-default\" data-id=\"b58c244\" data-element_type=\"section\">\n\t\t\t\t\t\t<div class=\"elementor-container elementor-column-gap-default\">\n\t\t\t\t\t<div class=\"elementor-column elementor-col-50 elementor-inner-column elementor-element elementor-element-4e53686\" data-id=\"4e53686\" data-element_type=\"column\">\n\t\t\t<div class=\"elementor-widget-wrap elementor-element-populated\">\n\t\t\t\t\t\t<div class=\"elementor-element elementor-element-afcdb4a elementor-widget__width-initial elementor-widget elementor-widget-image\" data-id=\"afcdb4a\" data-element_type=\"widget\" data-widget_type=\"image.default\">\n\t\t\t\t<div class=\"elementor-widget-container\">\n\t\t\t\t\t\t\t\t\t\t\t\t\t\t\t<img fetchpriority=\"high\" decoding=\"async\" width=\"960\" height=\"640\" src=\"https:\/\/www.theos-vienna.com\/wp-content\/uploads\/2024\/12\/Anantara_Palais_Hansen_Vienna_Theos_Lounge__Bar_Food_and_Drink-1024x683.jpg\" class=\"attachment-large size-large wp-image-3625\" alt=\"\" srcset=\"https:\/\/www.theos-vienna.com\/wp-content\/uploads\/2024\/12\/Anantara_Palais_Hansen_Vienna_Theos_Lounge__Bar_Food_and_Drink-1024x683.jpg 1024w, https:\/\/www.theos-vienna.com\/wp-content\/uploads\/2024\/12\/Anantara_Palais_Hansen_Vienna_Theos_Lounge__Bar_Food_and_Drink-300x200.jpg 300w, https:\/\/www.theos-vienna.com\/wp-content\/uploads\/2024\/12\/Anantara_Palais_Hansen_Vienna_Theos_Lounge__Bar_Food_and_Drink-768x512.jpg 768w, https:\/\/www.theos-vienna.com\/wp-content\/uploads\/2024\/12\/Anantara_Palais_Hansen_Vienna_Theos_Lounge__Bar_Food_and_Drink-1536x1024.jpg 1536w, https:\/\/www.theos-vienna.com\/wp-content\/uploads\/2024\/12\/Anantara_Palais_Hansen_Vienna_Theos_Lounge__Bar_Food_and_Drink-2048x1366.jpg 2048w\" sizes=\"(max-width: 960px) 100vw, 960px\" \/>\t\t\t\t\t\t\t\t\t\t\t\t\t\t\t<\/div>\n\t\t\t\t<\/div>\n\t\t\t\t\t<\/div>\n\t\t<\/div>\n\t\t\t\t<div class=\"elementor-column elementor-col-50 elementor-inner-column elementor-element elementor-element-836714c text-wrapper\" data-id=\"836714c\" data-element_type=\"column\">\n\t\t\t<div class=\"elementor-widget-wrap elementor-element-populated\">\n\t\t\t\t\t\t<div class=\"elementor-element elementor-element-7c30cd4 elementor-widget elementor-widget-heading\" data-id=\"7c30cd4\" data-element_type=\"widget\" data-widget_type=\"heading.default\">\n\t\t\t\t<div class=\"elementor-widget-container\">\n\t\t\t\t\t<h2 class=\"elementor-heading-title elementor-size-default\">Men\u00fcs<\/h2>\t\t\t\t<\/div>\n\t\t\t\t<\/div>\n\t\t\t\t<div class=\"elementor-element elementor-element-ed7f3b8 elementor-widget elementor-widget-text-editor\" data-id=\"ed7f3b8\" data-element_type=\"widget\" data-widget_type=\"text-editor.default\">\n\t\t\t\t<div class=\"elementor-widget-container\">\n\t\t\t\t\t\t\t\t\tGenie\u00dfen Sie die Wiener Kaffeekultur mit hausgemachten S\u00fc\u00dfspeisen und unserem ber\u00fchmten Apfelstrudel. Erfreuen Sie sich an unseren Signature-Cocktails, inspiriert von Theophil Hansen und zubereitet mit lokalen, saisonalen Zutaten. Alles kombiniert mit exquisiten Bar-Snacks f\u00fcr das ultimative kulinarische Erlebnis.\t\t\t\t\t\t\t\t<\/div>\n\t\t\t\t<\/div>\n\t\t\t\t<div class=\"elementor-element elementor-element-65adcb2 elementor-widget__width-initial elementor-absolute elementor-widget elementor-widget-button\" data-id=\"65adcb2\" data-element_type=\"widget\" data-settings=\"{&quot;_position&quot;:&quot;absolute&quot;}\" data-widget_type=\"button.default\">\n\t\t\t\t<div class=\"elementor-widget-container\">\n\t\t\t\t\t\t\t\t\t<div class=\"elementor-button-wrapper\">\n\t\t\t\t\t<a class=\"elementor-button elementor-button-link elementor-size-sm\" href=\"https:\/\/www.theos-vienna.com\/wp-content\/uploads\/2026\/02\/Theos_Vienna_Lounge_and_Bar_Day-MENU.pdf\" target=\"_blank\">\n\t\t\t\t\t\t<span class=\"elementor-button-content-wrapper\">\n\t\t\t\t\t\t\t\t\t<span class=\"elementor-button-text\">TAGESKARTE<\/span>\n\t\t\t\t\t<\/span>\n\t\t\t\t\t<\/a>\n\t\t\t\t<\/div>\n\t\t\t\t\t\t\t\t<\/div>\n\t\t\t\t<\/div>\n\t\t\t\t<div class=\"elementor-element elementor-element-44d84a6 elementor-widget__width-initial elementor-absolute elementor-widget elementor-widget-button\" data-id=\"44d84a6\" data-element_type=\"widget\" data-settings=\"{&quot;_position&quot;:&quot;absolute&quot;}\" data-widget_type=\"button.default\">\n\t\t\t\t<div class=\"elementor-widget-container\">\n\t\t\t\t\t\t\t\t\t<div class=\"elementor-button-wrapper\">\n\t\t\t\t\t<a class=\"elementor-button elementor-button-link elementor-size-sm\" href=\"https:\/\/www.theos-vienna.com\/wp-content\/uploads\/2026\/02\/Theos_Vienna_Lounge_and_Bar_Evening_MENU.pdf\" target=\"_blank\">\n\t\t\t\t\t\t<span class=\"elementor-button-content-wrapper\">\n\t\t\t\t\t\t\t\t\t<span class=\"elementor-button-text\">ABENDKARTE<\/span>\n\t\t\t\t\t<\/span>\n\t\t\t\t\t<\/a>\n\t\t\t\t<\/div>\n\t\t\t\t\t\t\t\t<\/div>\n\t\t\t\t<\/div>\n\t\t\t\t\t<\/div>\n\t\t<\/div>\n\t\t\t\t\t<\/div>\n\t\t<\/section>\n\t\t\t\t<section class=\"elementor-section elementor-inner-section elementor-element elementor-element-e17bcc7 elementor-reverse-tablet elementor-reverse-mobile elementor-section-boxed elementor-section-height-default elementor-section-height-default\" data-id=\"e17bcc7\" data-element_type=\"section\">\n\t\t\t\t\t\t<div class=\"elementor-container elementor-column-gap-default\">\n\t\t\t\t\t<div class=\"elementor-column elementor-col-50 elementor-inner-column elementor-element elementor-element-18bb8d2 text-wrapper\" data-id=\"18bb8d2\" data-element_type=\"column\">\n\t\t\t<div class=\"elementor-widget-wrap elementor-element-populated\">\n\t\t\t\t\t\t<div class=\"elementor-element elementor-element-0f54ea7 elementor-widget elementor-widget-heading\" data-id=\"0f54ea7\" data-element_type=\"widget\" data-widget_type=\"heading.default\">\n\t\t\t\t<div class=\"elementor-widget-container\">\n\t\t\t\t\t<h2 class=\"elementor-heading-title elementor-size-default\">Mixologist<\/h2>\t\t\t\t<\/div>\n\t\t\t\t<\/div>\n\t\t\t\t<div class=\"elementor-element elementor-element-959c45d elementor-widget elementor-widget-text-editor\" data-id=\"959c45d\" data-element_type=\"widget\" data-widget_type=\"text-editor.default\">\n\t\t\t\t<div class=\"elementor-widget-container\">\n\t\t\t\t\t\t\t\t\t<p>In der THEO\u2019S Lounge &amp; Bar kreiert unser Chef-Mixologist innovative Cocktails mit lokalen, saisonalen Zutaten und einer Philosophie der geringen Abfallproduktion. Inspiriert vom Verm\u00e4chtnis Theophil Hansens stellt er Sirupe, Tinkturen und Mischungen im Haus her, um sicherzustellen, dass jedes Getr\u00e4nk einzigartig ist. Diese Hingabe verbindet Tradition mit moderner Raffinesse. Begleiten Sie uns in THEO\u2019S Lounge &amp; Bar und lassen Sie sich von unserem Chef-Mixologist auf eine geschmackvolle Reise mitnehmen, bei der jeder Schluck eine Geschichte von Eleganz, Nachhaltigkeit und Wiener Charme erz\u00e4hlt<\/p>\t\t\t\t\t\t\t\t<\/div>\n\t\t\t\t<\/div>\n\t\t\t\t\t<\/div>\n\t\t<\/div>\n\t\t\t\t<div class=\"elementor-column elementor-col-50 elementor-inner-column elementor-element elementor-element-2f4447a\" data-id=\"2f4447a\" data-element_type=\"column\">\n\t\t\t<div class=\"elementor-widget-wrap elementor-element-populated\">\n\t\t\t\t\t\t<div class=\"elementor-element elementor-element-a0632cd img-auto elementor-widget elementor-widget-image\" data-id=\"a0632cd\" data-element_type=\"widget\" data-widget_type=\"image.default\">\n\t\t\t\t<div class=\"elementor-widget-container\">\n\t\t\t\t\t\t\t\t\t\t\t\t\t\t\t<img decoding=\"async\" width=\"960\" height=\"640\" src=\"https:\/\/www.theos-vienna.com\/wp-content\/uploads\/2024\/12\/Anantara_Palais_Hansen_Vienna_Theos_Lounge__Bar_Cocktail_Symphony-1024x683.jpg\" class=\"attachment-large size-large wp-image-3627\" alt=\"\" srcset=\"https:\/\/www.theos-vienna.com\/wp-content\/uploads\/2024\/12\/Anantara_Palais_Hansen_Vienna_Theos_Lounge__Bar_Cocktail_Symphony-1024x683.jpg 1024w, https:\/\/www.theos-vienna.com\/wp-content\/uploads\/2024\/12\/Anantara_Palais_Hansen_Vienna_Theos_Lounge__Bar_Cocktail_Symphony-300x200.jpg 300w, https:\/\/www.theos-vienna.com\/wp-content\/uploads\/2024\/12\/Anantara_Palais_Hansen_Vienna_Theos_Lounge__Bar_Cocktail_Symphony-768x512.jpg 768w, https:\/\/www.theos-vienna.com\/wp-content\/uploads\/2024\/12\/Anantara_Palais_Hansen_Vienna_Theos_Lounge__Bar_Cocktail_Symphony-1536x1024.jpg 1536w, https:\/\/www.theos-vienna.com\/wp-content\/uploads\/2024\/12\/Anantara_Palais_Hansen_Vienna_Theos_Lounge__Bar_Cocktail_Symphony-2048x1366.jpg 2048w\" sizes=\"(max-width: 960px) 100vw, 960px\" \/>\t\t\t\t\t\t\t\t\t\t\t\t\t\t\t<\/div>\n\t\t\t\t<\/div>\n\t\t\t\t\t<\/div>\n\t\t<\/div>\n\t\t\t\t\t<\/div>\n\t\t<\/section>\n\t\t\t\t\t<\/div>\n\t\t<\/div>\n\t\t\t\t\t<\/div>\n\t\t<\/section>\n\t\t\t\t<\/div>\n\t\t","protected":false},"excerpt":{"rendered":"<p>Genie\u00dfen Men\u00fcs Genie\u00dfen Sie die Wiener Kaffeekultur mit hausgemachten S\u00fc\u00dfspeisen und unserem ber\u00fchmten Apfelstrudel. Erfreuen Sie sich an unseren Signature-Cocktails, inspiriert von Theophil Hansen und zubereitet mit lokalen, saisonalen Zutaten. Alles kombiniert mit exquisiten Bar-Snacks f\u00fcr das ultimative kulinarische Erlebnis. TAGESKARTE ABENDKARTE Mixologist In der THEO\u2019S Lounge &amp; Bar kreiert unser Chef-Mixologist innovative Cocktails mit [&hellip;]<\/p>\n","protected":false},"author":2,"featured_media":0,"parent":0,"menu_order":0,"comment_status":"closed","ping_status":"closed","template":"elementor_header_footer","meta":{"footnotes":""},"class_list":["post-3633","page","type-page","status-publish","hentry"],"acf":[],"yoast_head":"<!-- This site is optimized with the Yoast SEO plugin v26.3 - https:\/\/yoast.com\/wordpress\/plugins\/seo\/ -->\n<title>Genie\u00dfen | Theo&#039;s Wien<\/title>\n<meta name=\"description\" content=\"Theos Vienna ist der beste Ort in Wien, um die lokalen Spezialit\u00e4ten in perfekter Lage in \u00d6sterreich zu genie\u00dfen. Weitere Informationen hier!\" \/>\n<meta name=\"robots\" content=\"index, follow, max-snippet:-1, max-image-preview:large, max-video-preview:-1\" \/>\n<link rel=\"canonical\" href=\"https:\/\/www.theos-vienna.com\/de\/sip-and-savour\/\" \/>\n<meta property=\"og:locale\" content=\"de_DE\" \/>\n<meta property=\"og:type\" content=\"article\" \/>\n<meta property=\"og:title\" content=\"Genie\u00dfen | Theo&#039;s Wien\" \/>\n<meta property=\"og:description\" content=\"Theos Vienna ist der beste Ort in Wien, um die lokalen Spezialit\u00e4ten in perfekter Lage in \u00d6sterreich zu genie\u00dfen. Weitere Informationen hier!\" \/>\n<meta property=\"og:url\" content=\"https:\/\/www.theos-vienna.com\/de\/sip-and-savour\/\" \/>\n<meta property=\"og:site_name\" content=\"Theos Vienna\" \/>\n<meta property=\"article:modified_time\" content=\"2026-02-17T10:37:42+00:00\" \/>\n<meta property=\"og:image\" content=\"https:\/\/www.theos-vienna.com\/wp-content\/uploads\/2024\/12\/Anantara_Palais_Hansen_Vienna_Theos_Lounge__Bar_Food_and_Drink-scaled.jpg\" \/>\n\t<meta property=\"og:image:width\" content=\"2560\" \/>\n\t<meta property=\"og:image:height\" content=\"1707\" \/>\n\t<meta property=\"og:image:type\" content=\"image\/jpeg\" \/>\n<meta name=\"twitter:card\" content=\"summary_large_image\" \/>\n<meta name=\"twitter:label1\" content=\"Gesch\u00e4tzte Lesezeit\" \/>\n\t<meta name=\"twitter:data1\" content=\"2\u00a0Minuten\" \/>\n<script type=\"application\/ld+json\" class=\"yoast-schema-graph\">{\"@context\":\"https:\/\/schema.org\",\"@graph\":[{\"@type\":\"WebPage\",\"@id\":\"https:\/\/www.theos-vienna.com\/de\/sip-and-savour\/\",\"url\":\"https:\/\/www.theos-vienna.com\/de\/sip-and-savour\/\",\"name\":\"Genie\u00dfen | Theo's Wien\",\"isPartOf\":{\"@id\":\"https:\/\/www.theos-vienna.com\/de\/#website\"},\"primaryImageOfPage\":{\"@id\":\"https:\/\/www.theos-vienna.com\/de\/sip-and-savour\/#primaryimage\"},\"image\":{\"@id\":\"https:\/\/www.theos-vienna.com\/de\/sip-and-savour\/#primaryimage\"},\"thumbnailUrl\":\"https:\/\/www.theos-vienna.com\/wp-content\/uploads\/2024\/12\/Anantara_Palais_Hansen_Vienna_Theos_Lounge__Bar_Food_and_Drink-1024x683.jpg\",\"datePublished\":\"2024-10-31T12:43:34+00:00\",\"dateModified\":\"2026-02-17T10:37:42+00:00\",\"description\":\"Theos Vienna ist der beste Ort in Wien, um die lokalen Spezialit\u00e4ten in perfekter Lage in \u00d6sterreich zu genie\u00dfen. Weitere Informationen hier!\",\"breadcrumb\":{\"@id\":\"https:\/\/www.theos-vienna.com\/de\/sip-and-savour\/#breadcrumb\"},\"inLanguage\":\"de\",\"potentialAction\":[{\"@type\":\"ReadAction\",\"target\":[\"https:\/\/www.theos-vienna.com\/de\/sip-and-savour\/\"]}]},{\"@type\":\"ImageObject\",\"inLanguage\":\"de\",\"@id\":\"https:\/\/www.theos-vienna.com\/de\/sip-and-savour\/#primaryimage\",\"url\":\"https:\/\/www.theos-vienna.com\/wp-content\/uploads\/2024\/12\/Anantara_Palais_Hansen_Vienna_Theos_Lounge__Bar_Food_and_Drink-1024x683.jpg\",\"contentUrl\":\"https:\/\/www.theos-vienna.com\/wp-content\/uploads\/2024\/12\/Anantara_Palais_Hansen_Vienna_Theos_Lounge__Bar_Food_and_Drink-1024x683.jpg\"},{\"@type\":\"BreadcrumbList\",\"@id\":\"https:\/\/www.theos-vienna.com\/de\/sip-and-savour\/#breadcrumb\",\"itemListElement\":[{\"@type\":\"ListItem\",\"position\":1,\"name\":\"Home\",\"item\":\"https:\/\/www.theos-vienna.com\/de\/\"},{\"@type\":\"ListItem\",\"position\":2,\"name\":\"Genie\u00dfen\"}]},{\"@type\":\"WebSite\",\"@id\":\"https:\/\/www.theos-vienna.com\/de\/#website\",\"url\":\"https:\/\/www.theos-vienna.com\/de\/\",\"name\":\"Theos Vienna\",\"description\":\"\",\"publisher\":{\"@id\":\"https:\/\/www.theos-vienna.com\/de\/#organization\"},\"potentialAction\":[{\"@type\":\"SearchAction\",\"target\":{\"@type\":\"EntryPoint\",\"urlTemplate\":\"https:\/\/www.theos-vienna.com\/de\/?s={search_term_string}\"},\"query-input\":{\"@type\":\"PropertyValueSpecification\",\"valueRequired\":true,\"valueName\":\"search_term_string\"}}],\"inLanguage\":\"de\"},{\"@type\":\"Organization\",\"@id\":\"https:\/\/www.theos-vienna.com\/de\/#organization\",\"name\":\"Theos Vienna\",\"url\":\"https:\/\/www.theos-vienna.com\/de\/\",\"logo\":{\"@type\":\"ImageObject\",\"inLanguage\":\"de\",\"@id\":\"https:\/\/www.theos-vienna.com\/de\/#\/schema\/logo\/image\/\",\"url\":\"https:\/\/www.theos-vienna.com\/wp-content\/uploads\/2024\/10\/THEOS-LOGO-03.png\",\"contentUrl\":\"https:\/\/www.theos-vienna.com\/wp-content\/uploads\/2024\/10\/THEOS-LOGO-03.png\",\"width\":881,\"height\":341,\"caption\":\"Theos Vienna\"},\"image\":{\"@id\":\"https:\/\/www.theos-vienna.com\/de\/#\/schema\/logo\/image\/\"}}]}<\/script>\n<!-- \/ Yoast SEO plugin. -->","yoast_head_json":{"title":"Genie\u00dfen | Theo's Wien","description":"Theos Vienna ist der beste Ort in Wien, um die lokalen Spezialit\u00e4ten in perfekter Lage in \u00d6sterreich zu genie\u00dfen. Weitere Informationen hier!","robots":{"index":"index","follow":"follow","max-snippet":"max-snippet:-1","max-image-preview":"max-image-preview:large","max-video-preview":"max-video-preview:-1"},"canonical":"https:\/\/www.theos-vienna.com\/de\/sip-and-savour\/","og_locale":"de_DE","og_type":"article","og_title":"Genie\u00dfen | Theo's Wien","og_description":"Theos Vienna ist der beste Ort in Wien, um die lokalen Spezialit\u00e4ten in perfekter Lage in \u00d6sterreich zu genie\u00dfen. Weitere Informationen hier!","og_url":"https:\/\/www.theos-vienna.com\/de\/sip-and-savour\/","og_site_name":"Theos Vienna","article_modified_time":"2026-02-17T10:37:42+00:00","og_image":[{"width":2560,"height":1707,"url":"https:\/\/www.theos-vienna.com\/wp-content\/uploads\/2024\/12\/Anantara_Palais_Hansen_Vienna_Theos_Lounge__Bar_Food_and_Drink-scaled.jpg","type":"image\/jpeg"}],"twitter_card":"summary_large_image","twitter_misc":{"Gesch\u00e4tzte Lesezeit":"2\u00a0Minuten"},"schema":{"@context":"https:\/\/schema.org","@graph":[{"@type":"WebPage","@id":"https:\/\/www.theos-vienna.com\/de\/sip-and-savour\/","url":"https:\/\/www.theos-vienna.com\/de\/sip-and-savour\/","name":"Genie\u00dfen | Theo's Wien","isPartOf":{"@id":"https:\/\/www.theos-vienna.com\/de\/#website"},"primaryImageOfPage":{"@id":"https:\/\/www.theos-vienna.com\/de\/sip-and-savour\/#primaryimage"},"image":{"@id":"https:\/\/www.theos-vienna.com\/de\/sip-and-savour\/#primaryimage"},"thumbnailUrl":"https:\/\/www.theos-vienna.com\/wp-content\/uploads\/2024\/12\/Anantara_Palais_Hansen_Vienna_Theos_Lounge__Bar_Food_and_Drink-1024x683.jpg","datePublished":"2024-10-31T12:43:34+00:00","dateModified":"2026-02-17T10:37:42+00:00","description":"Theos Vienna ist der beste Ort in Wien, um die lokalen Spezialit\u00e4ten in perfekter Lage in \u00d6sterreich zu genie\u00dfen. Weitere Informationen hier!","breadcrumb":{"@id":"https:\/\/www.theos-vienna.com\/de\/sip-and-savour\/#breadcrumb"},"inLanguage":"de","potentialAction":[{"@type":"ReadAction","target":["https:\/\/www.theos-vienna.com\/de\/sip-and-savour\/"]}]},{"@type":"ImageObject","inLanguage":"de","@id":"https:\/\/www.theos-vienna.com\/de\/sip-and-savour\/#primaryimage","url":"https:\/\/www.theos-vienna.com\/wp-content\/uploads\/2024\/12\/Anantara_Palais_Hansen_Vienna_Theos_Lounge__Bar_Food_and_Drink-1024x683.jpg","contentUrl":"https:\/\/www.theos-vienna.com\/wp-content\/uploads\/2024\/12\/Anantara_Palais_Hansen_Vienna_Theos_Lounge__Bar_Food_and_Drink-1024x683.jpg"},{"@type":"BreadcrumbList","@id":"https:\/\/www.theos-vienna.com\/de\/sip-and-savour\/#breadcrumb","itemListElement":[{"@type":"ListItem","position":1,"name":"Home","item":"https:\/\/www.theos-vienna.com\/de\/"},{"@type":"ListItem","position":2,"name":"Genie\u00dfen"}]},{"@type":"WebSite","@id":"https:\/\/www.theos-vienna.com\/de\/#website","url":"https:\/\/www.theos-vienna.com\/de\/","name":"Theos Vienna","description":"","publisher":{"@id":"https:\/\/www.theos-vienna.com\/de\/#organization"},"potentialAction":[{"@type":"SearchAction","target":{"@type":"EntryPoint","urlTemplate":"https:\/\/www.theos-vienna.com\/de\/?s={search_term_string}"},"query-input":{"@type":"PropertyValueSpecification","valueRequired":true,"valueName":"search_term_string"}}],"inLanguage":"de"},{"@type":"Organization","@id":"https:\/\/www.theos-vienna.com\/de\/#organization","name":"Theos Vienna","url":"https:\/\/www.theos-vienna.com\/de\/","logo":{"@type":"ImageObject","inLanguage":"de","@id":"https:\/\/www.theos-vienna.com\/de\/#\/schema\/logo\/image\/","url":"https:\/\/www.theos-vienna.com\/wp-content\/uploads\/2024\/10\/THEOS-LOGO-03.png","contentUrl":"https:\/\/www.theos-vienna.com\/wp-content\/uploads\/2024\/10\/THEOS-LOGO-03.png","width":881,"height":341,"caption":"Theos Vienna"},"image":{"@id":"https:\/\/www.theos-vienna.com\/de\/#\/schema\/logo\/image\/"}}]}},"_links":{"self":[{"href":"https:\/\/www.theos-vienna.com\/de\/wp-json\/wp\/v2\/pages\/3633","targetHints":{"allow":["GET"]}}],"collection":[{"href":"https:\/\/www.theos-vienna.com\/de\/wp-json\/wp\/v2\/pages"}],"about":[{"href":"https:\/\/www.theos-vienna.com\/de\/wp-json\/wp\/v2\/types\/page"}],"author":[{"embeddable":true,"href":"https:\/\/www.theos-vienna.com\/de\/wp-json\/wp\/v2\/users\/2"}],"replies":[{"embeddable":true,"href":"https:\/\/www.theos-vienna.com\/de\/wp-json\/wp\/v2\/comments?post=3633"}],"version-history":[{"count":28,"href":"https:\/\/www.theos-vienna.com\/de\/wp-json\/wp\/v2\/pages\/3633\/revisions"}],"predecessor-version":[{"id":3903,"href":"https:\/\/www.theos-vienna.com\/de\/wp-json\/wp\/v2\/pages\/3633\/revisions\/3903"}],"wp:attachment":[{"href":"https:\/\/www.theos-vienna.com\/de\/wp-json\/wp\/v2\/media?parent=3633"}],"curies":[{"name":"wp","href":"https:\/\/api.w.org\/{rel}","templated":true}]}}