{"id":3634,"date":"2024-10-31T15:40:34","date_gmt":"2024-10-31T14:40:34","guid":{"rendered":"https:\/\/www.theos-vienna.com\/whats-on\/"},"modified":"2025-12-10T12:48:31","modified_gmt":"2025-12-10T11:48:31","slug":"whats-on","status":"publish","type":"page","link":"https:\/\/www.theos-vienna.com\/de\/whats-on\/","title":{"rendered":"Aktuelles"},"content":{"rendered":"\t\t<div data-elementor-type=\"wp-page\" data-elementor-id=\"3634\" class=\"elementor elementor-3634 elementor-3367\" data-elementor-post-type=\"page\">\n\t\t\t\t\t\t<section class=\"elementor-section elementor-top-section elementor-element elementor-element-f41c755 block-intro elementor-section-boxed elementor-section-height-default elementor-section-height-default\" data-id=\"f41c755\" data-element_type=\"section\" data-e-type=\"section\" data-settings=\"{&quot;background_background&quot;:&quot;classic&quot;}\">\n\t\t\t\t\t\t<div class=\"elementor-container elementor-column-gap-default\">\n\t\t\t\t\t<div class=\"elementor-column elementor-col-100 elementor-top-column elementor-element elementor-element-480fc94\" data-id=\"480fc94\" data-element_type=\"column\" data-e-type=\"column\">\n\t\t\t<div class=\"elementor-widget-wrap elementor-element-populated\">\n\t\t\t\t\t\t<section class=\"elementor-section elementor-inner-section elementor-element elementor-element-65f8517 elementor-section-boxed elementor-section-height-default elementor-section-height-default\" data-id=\"65f8517\" data-element_type=\"section\" data-e-type=\"section\">\n\t\t\t\t\t\t<div class=\"elementor-container elementor-column-gap-default\">\n\t\t\t\t\t<div class=\"elementor-column elementor-col-100 elementor-inner-column elementor-element elementor-element-a4c83c6\" data-id=\"a4c83c6\" data-element_type=\"column\" data-e-type=\"column\">\n\t\t\t<div class=\"elementor-widget-wrap elementor-element-populated\">\n\t\t\t\t\t\t<div class=\"elementor-element elementor-element-8c0e466 elementor-widget elementor-widget-heading\" data-id=\"8c0e466\" data-element_type=\"widget\" data-e-type=\"widget\" data-widget_type=\"heading.default\">\n\t\t\t\t<div class=\"elementor-widget-container\">\n\t\t\t\t\t<h1 class=\"elementor-heading-title elementor-size-default\">Aktuelles<\/h1>\t\t\t\t<\/div>\n\t\t\t\t<\/div>\n\t\t\t\t\t<\/div>\n\t\t<\/div>\n\t\t\t\t\t<\/div>\n\t\t<\/section>\n\t\t\t\t\t<\/div>\n\t\t<\/div>\n\t\t\t\t\t<\/div>\n\t\t<\/section>\n\t\t\t\t<section class=\"elementor-section elementor-top-section elementor-element elementor-element-9b05bd8 elementor-section-boxed elementor-section-height-default elementor-section-height-default\" data-id=\"9b05bd8\" data-element_type=\"section\" data-e-type=\"section\" data-settings=\"{&quot;background_background&quot;:&quot;classic&quot;}\">\n\t\t\t\t\t\t<div class=\"elementor-container elementor-column-gap-default\">\n\t\t\t\t\t<div class=\"elementor-column elementor-col-100 elementor-top-column elementor-element elementor-element-55e5b9a\" data-id=\"55e5b9a\" data-element_type=\"column\" data-e-type=\"column\">\n\t\t\t<div class=\"elementor-widget-wrap elementor-element-populated\">\n\t\t\t\t\t\t<section class=\"elementor-section elementor-inner-section elementor-element elementor-element-dfecef5 elementor-reverse-tablet elementor-reverse-mobile elementor-section-boxed elementor-section-height-default elementor-section-height-default\" data-id=\"dfecef5\" data-element_type=\"section\" data-e-type=\"section\">\n\t\t\t\t\t\t<div class=\"elementor-container elementor-column-gap-default\">\n\t\t\t\t\t<div class=\"elementor-column elementor-col-50 elementor-inner-column elementor-element elementor-element-8e425ae\" data-id=\"8e425ae\" data-element_type=\"column\" data-e-type=\"column\">\n\t\t\t<div class=\"elementor-widget-wrap elementor-element-populated\">\n\t\t\t\t\t\t<div class=\"elementor-element elementor-element-5c8fa01 img-auto elementor-widget elementor-widget-image\" data-id=\"5c8fa01\" data-element_type=\"widget\" data-e-type=\"widget\" data-widget_type=\"image.default\">\n\t\t\t\t<div class=\"elementor-widget-container\">\n\t\t\t\t\t\t\t\t\t\t\t\t\t\t\t<img fetchpriority=\"high\" decoding=\"async\" width=\"880\" height=\"620\" src=\"https:\/\/www.theos-vienna.com\/wp-content\/uploads\/2025\/10\/Anantara_Palais_Hansen_Vienna_Hotel_Happy_Hour_Theos_Aperitif_880x620.jpg\" class=\"attachment-large size-large wp-image-3802\" alt=\"\" srcset=\"https:\/\/www.theos-vienna.com\/wp-content\/uploads\/2025\/10\/Anantara_Palais_Hansen_Vienna_Hotel_Happy_Hour_Theos_Aperitif_880x620.jpg 880w, https:\/\/www.theos-vienna.com\/wp-content\/uploads\/2025\/10\/Anantara_Palais_Hansen_Vienna_Hotel_Happy_Hour_Theos_Aperitif_880x620-300x211.jpg 300w, https:\/\/www.theos-vienna.com\/wp-content\/uploads\/2025\/10\/Anantara_Palais_Hansen_Vienna_Hotel_Happy_Hour_Theos_Aperitif_880x620-768x541.jpg 768w\" sizes=\"(max-width: 880px) 100vw, 880px\" \/>\t\t\t\t\t\t\t\t\t\t\t\t\t\t\t<\/div>\n\t\t\t\t<\/div>\n\t\t\t\t\t<\/div>\n\t\t<\/div>\n\t\t\t\t<div class=\"elementor-column elementor-col-50 elementor-inner-column elementor-element elementor-element-35bee7c text-wrapper\" data-id=\"35bee7c\" data-element_type=\"column\" data-e-type=\"column\">\n\t\t\t<div class=\"elementor-widget-wrap elementor-element-populated\">\n\t\t\t\t\t\t<div class=\"elementor-element elementor-element-16bab6f elementor-widget elementor-widget-heading\" data-id=\"16bab6f\" data-element_type=\"widget\" data-e-type=\"widget\" data-widget_type=\"heading.default\">\n\t\t\t\t<div class=\"elementor-widget-container\">\n\t\t\t\t\t<h2 class=\"elementor-heading-title elementor-size-default\">Theo\u2019s Happy Hours<\/h2>\t\t\t\t<\/div>\n\t\t\t\t<\/div>\n\t\t\t\t<div class=\"elementor-element elementor-element-217b8a0 elementor-widget elementor-widget-text-editor\" data-id=\"217b8a0\" data-element_type=\"widget\" data-e-type=\"widget\" data-widget_type=\"text-editor.default\">\n\t\t\t\t<div class=\"elementor-widget-container\">\n\t\t\t\t\t\t\t\t\t<p data-renderer-start-pos=\"824\">Zwei genussvolle Rituale \u2013 jeden Tag.<\/p><p data-renderer-start-pos=\"882\">Starten Sie entspannt in den Tag oder lassen Sie ihn stilvoll ausklingen \u2013 in der Theo\u2019s Lounge &amp; Bar.<br \/>Von 8:00 bis 12:00 Uhr erwartet Sie ein Wiener Klassiker: Ihr Lieblingskaffee oder JING Tee, serviert mit Gugelhupf, Topfengolatsche oder Croissant \u2013 f\u00fcr nur EUR 6,50.<\/p><p data-renderer-start-pos=\"1154\">Am Abend, von 17:00 bis 19:00 Uhr, sto\u00dfen wir gemeinsam an: alle alkoholischen Getr\u00e4nke und Mocktails gibt es im 2-f\u00fcr-1-Angebot. Und wenn Sie Appetit haben: Zu jedem Drink erhalten Sie unsere Bar Snacks zum halben Preis.<\/p><p data-renderer-start-pos=\"1377\">Live-Musik sorgt f\u00fcr die passende Stimmung \u2013 donnerstags ab 19:00 Uhr, freitags und samstags ab 20:00 Uhr.<\/p>\t\t\t\t\t\t\t\t<\/div>\n\t\t\t\t<\/div>\n\t\t\t\t<div class=\"elementor-element elementor-element-fcc05d9 elementor-align-center elementor-widget elementor-widget-button\" data-id=\"fcc05d9\" data-element_type=\"widget\" data-e-type=\"widget\" data-widget_type=\"button.default\">\n\t\t\t\t<div class=\"elementor-widget-container\">\n\t\t\t\t\t\t\t\t\t<div class=\"elementor-button-wrapper\">\n\t\t\t\t\t<a class=\"elementor-button elementor-button-link elementor-size-sm\" href=\"https:\/\/www.theos-vienna.com\/wp-content\/uploads\/2025\/10\/Theos_Vienna_Bar_Happy_Hour_DE.pdf\" target=\"_blank\" rel=\"nofollow\">\n\t\t\t\t\t\t<span class=\"elementor-button-content-wrapper\">\n\t\t\t\t\t\t\t\t\t<span class=\"elementor-button-text\">MEHR INFORMATIONEN<\/span>\n\t\t\t\t\t<\/span>\n\t\t\t\t\t<\/a>\n\t\t\t\t<\/div>\n\t\t\t\t\t\t\t\t<\/div>\n\t\t\t\t<\/div>\n\t\t\t\t\t<\/div>\n\t\t<\/div>\n\t\t\t\t\t<\/div>\n\t\t<\/section>\n\t\t\t\t<section class=\"elementor-section elementor-inner-section elementor-element elementor-element-b58c244 elementor-section-boxed elementor-section-height-default elementor-section-height-default\" data-id=\"b58c244\" data-element_type=\"section\" data-e-type=\"section\">\n\t\t\t\t\t\t<div class=\"elementor-container elementor-column-gap-default\">\n\t\t\t\t\t<div class=\"elementor-column elementor-col-50 elementor-inner-column elementor-element elementor-element-836714c text-wrapper\" data-id=\"836714c\" data-element_type=\"column\" data-e-type=\"column\">\n\t\t\t<div class=\"elementor-widget-wrap elementor-element-populated\">\n\t\t\t\t\t\t<div class=\"elementor-element elementor-element-7c30cd4 elementor-widget elementor-widget-heading\" data-id=\"7c30cd4\" data-element_type=\"widget\" data-e-type=\"widget\" data-widget_type=\"heading.default\">\n\t\t\t\t<div class=\"elementor-widget-container\">\n\t\t\t\t\t<h2 class=\"elementor-heading-title elementor-size-default\">Abendzeremonie <\/h2>\t\t\t\t<\/div>\n\t\t\t\t<\/div>\n\t\t\t\t<div class=\"elementor-element elementor-element-ed7f3b8 elementor-widget elementor-widget-text-editor\" data-id=\"ed7f3b8\" data-element_type=\"widget\" data-e-type=\"widget\" data-widget_type=\"text-editor.default\">\n\t\t\t\t<div class=\"elementor-widget-container\">\n\t\t\t\t\t\t\t\t\t<p>Begleiten Sie uns t\u00e4glich um 17:30 Uhr in der THEO\u2019S Lounge &amp; Bar. Genie\u00dfen Sie die bezaubernden Kl\u00e4nge eines Wiener Walzers von unserem Pianisten und kosten Sie unseren dekonstruierten<\/p><p>Apfelstrudel. Kombiniert mit einem Apfelstrudel-Getr\u00e4nk, das mit oder ohne Alkohol erh\u00e4ltlich ist, ist diese Leckerei ein Fest f\u00fcr die Sinne.<br \/>Mit Eleganz und Flair serviert, wird Sie unser Team durch dieses unvergessliche Erlebnis f\u00fchren und das Ende Ihres Tages in der THEO\u2019S Lounge &amp; Bar zu etwas ganz Besonderem machen<\/p>\t\t\t\t\t\t\t\t<\/div>\n\t\t\t\t<\/div>\n\t\t\t\t\t<\/div>\n\t\t<\/div>\n\t\t\t\t<div class=\"elementor-column elementor-col-50 elementor-inner-column elementor-element elementor-element-4e53686\" data-id=\"4e53686\" data-element_type=\"column\" data-e-type=\"column\">\n\t\t\t<div class=\"elementor-widget-wrap elementor-element-populated\">\n\t\t\t\t\t\t<div class=\"elementor-element elementor-element-afcdb4a elementor-widget elementor-widget-image\" data-id=\"afcdb4a\" data-element_type=\"widget\" data-e-type=\"widget\" data-widget_type=\"image.default\">\n\t\t\t\t<div class=\"elementor-widget-container\">\n\t\t\t\t\t\t\t\t\t\t\t\t\t\t\t<img decoding=\"async\" width=\"960\" height=\"640\" src=\"https:\/\/www.theos-vienna.com\/wp-content\/uploads\/2024\/12\/Anantara_Palais_Hansen_Vienna_Hotel_Restaurant_Apple_Strudel-1024x683.jpg\" class=\"attachment-large size-large wp-image-3554\" alt=\"\" srcset=\"https:\/\/www.theos-vienna.com\/wp-content\/uploads\/2024\/12\/Anantara_Palais_Hansen_Vienna_Hotel_Restaurant_Apple_Strudel-1024x683.jpg 1024w, https:\/\/www.theos-vienna.com\/wp-content\/uploads\/2024\/12\/Anantara_Palais_Hansen_Vienna_Hotel_Restaurant_Apple_Strudel-300x200.jpg 300w, https:\/\/www.theos-vienna.com\/wp-content\/uploads\/2024\/12\/Anantara_Palais_Hansen_Vienna_Hotel_Restaurant_Apple_Strudel-768x512.jpg 768w, https:\/\/www.theos-vienna.com\/wp-content\/uploads\/2024\/12\/Anantara_Palais_Hansen_Vienna_Hotel_Restaurant_Apple_Strudel-1536x1024.jpg 1536w, https:\/\/www.theos-vienna.com\/wp-content\/uploads\/2024\/12\/Anantara_Palais_Hansen_Vienna_Hotel_Restaurant_Apple_Strudel-2048x1365.jpg 2048w\" sizes=\"(max-width: 960px) 100vw, 960px\" \/>\t\t\t\t\t\t\t\t\t\t\t\t\t\t\t<\/div>\n\t\t\t\t<\/div>\n\t\t\t\t\t<\/div>\n\t\t<\/div>\n\t\t\t\t\t<\/div>\n\t\t<\/section>\n\t\t\t\t<section class=\"elementor-section elementor-inner-section elementor-element elementor-element-6916905 elementor-reverse-tablet elementor-reverse-mobile elementor-section-boxed elementor-section-height-default elementor-section-height-default\" data-id=\"6916905\" data-element_type=\"section\" data-e-type=\"section\">\n\t\t\t\t\t\t<div class=\"elementor-container elementor-column-gap-default\">\n\t\t\t\t\t<div class=\"elementor-column elementor-col-50 elementor-inner-column elementor-element elementor-element-696c6a3\" data-id=\"696c6a3\" data-element_type=\"column\" data-e-type=\"column\">\n\t\t\t<div class=\"elementor-widget-wrap elementor-element-populated\">\n\t\t\t\t\t\t<div class=\"elementor-element elementor-element-6fd7106 img-auto elementor-widget elementor-widget-image\" data-id=\"6fd7106\" data-element_type=\"widget\" data-e-type=\"widget\" data-widget_type=\"image.default\">\n\t\t\t\t<div class=\"elementor-widget-container\">\n\t\t\t\t\t\t\t\t\t\t\t\t\t\t\t<img decoding=\"async\" width=\"960\" height=\"640\" src=\"https:\/\/www.theos-vienna.com\/wp-content\/uploads\/2024\/12\/Anantara_Palais_Hansen_Vienna_Theos_Lounge__Bar_Cocktail_Bull_or_Bear-1024x683.jpg\" class=\"attachment-large size-large wp-image-3552\" alt=\"\" srcset=\"https:\/\/www.theos-vienna.com\/wp-content\/uploads\/2024\/12\/Anantara_Palais_Hansen_Vienna_Theos_Lounge__Bar_Cocktail_Bull_or_Bear-1024x683.jpg 1024w, https:\/\/www.theos-vienna.com\/wp-content\/uploads\/2024\/12\/Anantara_Palais_Hansen_Vienna_Theos_Lounge__Bar_Cocktail_Bull_or_Bear-300x200.jpg 300w, https:\/\/www.theos-vienna.com\/wp-content\/uploads\/2024\/12\/Anantara_Palais_Hansen_Vienna_Theos_Lounge__Bar_Cocktail_Bull_or_Bear-768x512.jpg 768w, https:\/\/www.theos-vienna.com\/wp-content\/uploads\/2024\/12\/Anantara_Palais_Hansen_Vienna_Theos_Lounge__Bar_Cocktail_Bull_or_Bear-1536x1024.jpg 1536w, https:\/\/www.theos-vienna.com\/wp-content\/uploads\/2024\/12\/Anantara_Palais_Hansen_Vienna_Theos_Lounge__Bar_Cocktail_Bull_or_Bear-2048x1366.jpg 2048w\" sizes=\"(max-width: 960px) 100vw, 960px\" \/>\t\t\t\t\t\t\t\t\t\t\t\t\t\t\t<\/div>\n\t\t\t\t<\/div>\n\t\t\t\t\t<\/div>\n\t\t<\/div>\n\t\t\t\t<div class=\"elementor-column elementor-col-50 elementor-inner-column elementor-element elementor-element-7340f0c text-wrapper\" data-id=\"7340f0c\" data-element_type=\"column\" data-e-type=\"column\">\n\t\t\t<div class=\"elementor-widget-wrap elementor-element-populated\">\n\t\t\t\t\t\t<div class=\"elementor-element elementor-element-e5936df elementor-widget elementor-widget-heading\" data-id=\"e5936df\" data-element_type=\"widget\" data-e-type=\"widget\" data-widget_type=\"heading.default\">\n\t\t\t\t<div class=\"elementor-widget-container\">\n\t\t\t\t\t<h2 class=\"elementor-heading-title elementor-size-default\">Veranstaltungen<\/h2>\t\t\t\t<\/div>\n\t\t\t\t<\/div>\n\t\t\t\t<div class=\"elementor-element elementor-element-e5d8d0e elementor-widget elementor-widget-text-editor\" data-id=\"e5d8d0e\" data-element_type=\"widget\" data-e-type=\"widget\" data-widget_type=\"text-editor.default\">\n\t\t\t\t<div class=\"elementor-widget-container\">\n\t\t\t\t\t\t\t\t\t<p>THEO\u2019S ist ein Ort f\u00fcr spannende Events und unvergessliche Erlebnisse. Von exklusiven Cocktailabenden \u00fcber Themenpartys bis hin zu Live-Musikdarbietungen gibt es immer etwas Neues und Inspirierendes am Horizont. Verfolgen Sie unsere Neuigkeiten und erfahren Sie als Erste von den spannenden Details unserer bevorstehenden Veranstaltungen.<\/p>\t\t\t\t\t\t\t\t<\/div>\n\t\t\t\t<\/div>\n\t\t\t\t<div class=\"elementor-element elementor-element-43b1208 elementor-align-center elementor-widget elementor-widget-button\" data-id=\"43b1208\" data-element_type=\"widget\" data-e-type=\"widget\" data-widget_type=\"button.default\">\n\t\t\t\t<div class=\"elementor-widget-container\">\n\t\t\t\t\t\t\t\t\t<div class=\"elementor-button-wrapper\">\n\t\t\t\t\t<a class=\"elementor-button elementor-button-link elementor-size-sm\" href=\"https:\/\/www.sevenrooms.com\/reservations\/theosloungeandbar\" target=\"_blank\" rel=\"nofollow\">\n\t\t\t\t\t\t<span class=\"elementor-button-content-wrapper\">\n\t\t\t\t\t\t\t\t\t<span class=\"elementor-button-text\">JETZT BUCHEN<\/span>\n\t\t\t\t\t<\/span>\n\t\t\t\t\t<\/a>\n\t\t\t\t<\/div>\n\t\t\t\t\t\t\t\t<\/div>\n\t\t\t\t<\/div>\n\t\t\t\t\t<\/div>\n\t\t<\/div>\n\t\t\t\t\t<\/div>\n\t\t<\/section>\n\t\t\t\t\t<\/div>\n\t\t<\/div>\n\t\t\t\t\t<\/div>\n\t\t<\/section>\n\t\t\t\t<\/div>\n\t\t","protected":false},"excerpt":{"rendered":"<p>Aktuelles Theo\u2019s Happy Hours Zwei genussvolle Rituale \u2013 jeden Tag. Starten Sie entspannt in den Tag oder lassen Sie ihn stilvoll ausklingen \u2013 in der Theo\u2019s Lounge &amp; Bar.Von 8:00 bis 12:00 Uhr erwartet Sie ein Wiener Klassiker: Ihr Lieblingskaffee oder JING Tee, serviert mit Gugelhupf, Topfengolatsche oder Croissant \u2013 f\u00fcr nur EUR 6,50. Am [&hellip;]<\/p>\n","protected":false},"author":2,"featured_media":0,"parent":0,"menu_order":0,"comment_status":"closed","ping_status":"closed","template":"elementor_header_footer","meta":{"footnotes":""},"class_list":["post-3634","page","type-page","status-publish","hentry"],"acf":[],"yoast_head":"<!-- This site is optimized with the Yoast SEO plugin v27.4 - https:\/\/yoast.com\/product\/yoast-seo-wordpress\/ -->\n<title>Aktuelles | Theo&#039;s Wien<\/title>\n<meta name=\"description\" content=\"Theos Vienna ist der beste Ort in Wien, um die lokalen Spezialit\u00e4ten in perfekter Lage in \u00d6sterreich zu genie\u00dfen. Weitere Informationen hier!\" \/>\n<meta name=\"robots\" content=\"index, follow, max-snippet:-1, max-image-preview:large, max-video-preview:-1\" \/>\n<link rel=\"canonical\" href=\"https:\/\/www.theos-vienna.com\/de\/whats-on\/\" \/>\n<meta property=\"og:locale\" content=\"de_DE\" \/>\n<meta property=\"og:type\" content=\"article\" \/>\n<meta property=\"og:title\" content=\"Aktuelles | Theo&#039;s Wien\" \/>\n<meta property=\"og:description\" content=\"Theos Vienna ist der beste Ort in Wien, um die lokalen Spezialit\u00e4ten in perfekter Lage in \u00d6sterreich zu genie\u00dfen. Weitere Informationen hier!\" \/>\n<meta property=\"og:url\" content=\"https:\/\/www.theos-vienna.com\/de\/whats-on\/\" \/>\n<meta property=\"og:site_name\" content=\"Theos Vienna\" \/>\n<meta property=\"article:modified_time\" content=\"2025-12-10T11:48:31+00:00\" \/>\n<meta property=\"og:image\" content=\"https:\/\/www.theos-vienna.com\/wp-content\/uploads\/2025\/10\/Anantara_Palais_Hansen_Vienna_Hotel_Happy_Hour_Theos_Aperitif_880x620.jpg\" \/>\n\t<meta property=\"og:image:width\" content=\"880\" \/>\n\t<meta property=\"og:image:height\" content=\"620\" \/>\n\t<meta property=\"og:image:type\" content=\"image\/jpeg\" \/>\n<meta name=\"twitter:card\" content=\"summary_large_image\" \/>\n<meta name=\"twitter:label1\" content=\"Gesch\u00e4tzte Lesezeit\" \/>\n\t<meta name=\"twitter:data1\" content=\"2\u00a0Minuten\" \/>\n<script type=\"application\/ld+json\" class=\"yoast-schema-graph\">{\"@context\":\"https:\\\/\\\/schema.org\",\"@graph\":[{\"@type\":\"WebPage\",\"@id\":\"https:\\\/\\\/www.theos-vienna.com\\\/de\\\/whats-on\\\/\",\"url\":\"https:\\\/\\\/www.theos-vienna.com\\\/de\\\/whats-on\\\/\",\"name\":\"Aktuelles | Theo's Wien\",\"isPartOf\":{\"@id\":\"https:\\\/\\\/www.theos-vienna.com\\\/de\\\/#website\"},\"primaryImageOfPage\":{\"@id\":\"https:\\\/\\\/www.theos-vienna.com\\\/de\\\/whats-on\\\/#primaryimage\"},\"image\":{\"@id\":\"https:\\\/\\\/www.theos-vienna.com\\\/de\\\/whats-on\\\/#primaryimage\"},\"thumbnailUrl\":\"https:\\\/\\\/www.theos-vienna.com\\\/wp-content\\\/uploads\\\/2025\\\/10\\\/Anantara_Palais_Hansen_Vienna_Hotel_Happy_Hour_Theos_Aperitif_880x620.jpg\",\"datePublished\":\"2024-10-31T14:40:34+00:00\",\"dateModified\":\"2025-12-10T11:48:31+00:00\",\"description\":\"Theos Vienna ist der beste Ort in Wien, um die lokalen Spezialit\u00e4ten in perfekter Lage in \u00d6sterreich zu genie\u00dfen. Weitere Informationen hier!\",\"breadcrumb\":{\"@id\":\"https:\\\/\\\/www.theos-vienna.com\\\/de\\\/whats-on\\\/#breadcrumb\"},\"inLanguage\":\"de\",\"potentialAction\":[{\"@type\":\"ReadAction\",\"target\":[\"https:\\\/\\\/www.theos-vienna.com\\\/de\\\/whats-on\\\/\"]}]},{\"@type\":\"ImageObject\",\"inLanguage\":\"de\",\"@id\":\"https:\\\/\\\/www.theos-vienna.com\\\/de\\\/whats-on\\\/#primaryimage\",\"url\":\"https:\\\/\\\/www.theos-vienna.com\\\/wp-content\\\/uploads\\\/2025\\\/10\\\/Anantara_Palais_Hansen_Vienna_Hotel_Happy_Hour_Theos_Aperitif_880x620.jpg\",\"contentUrl\":\"https:\\\/\\\/www.theos-vienna.com\\\/wp-content\\\/uploads\\\/2025\\\/10\\\/Anantara_Palais_Hansen_Vienna_Hotel_Happy_Hour_Theos_Aperitif_880x620.jpg\"},{\"@type\":\"BreadcrumbList\",\"@id\":\"https:\\\/\\\/www.theos-vienna.com\\\/de\\\/whats-on\\\/#breadcrumb\",\"itemListElement\":[{\"@type\":\"ListItem\",\"position\":1,\"name\":\"Home\",\"item\":\"https:\\\/\\\/www.theos-vienna.com\\\/de\\\/\"},{\"@type\":\"ListItem\",\"position\":2,\"name\":\"Aktuelles\"}]},{\"@type\":\"WebSite\",\"@id\":\"https:\\\/\\\/www.theos-vienna.com\\\/de\\\/#website\",\"url\":\"https:\\\/\\\/www.theos-vienna.com\\\/de\\\/\",\"name\":\"Theos Vienna\",\"description\":\"\",\"publisher\":{\"@id\":\"https:\\\/\\\/www.theos-vienna.com\\\/de\\\/#organization\"},\"potentialAction\":[{\"@type\":\"SearchAction\",\"target\":{\"@type\":\"EntryPoint\",\"urlTemplate\":\"https:\\\/\\\/www.theos-vienna.com\\\/de\\\/?s={search_term_string}\"},\"query-input\":{\"@type\":\"PropertyValueSpecification\",\"valueRequired\":true,\"valueName\":\"search_term_string\"}}],\"inLanguage\":\"de\"},{\"@type\":\"Organization\",\"@id\":\"https:\\\/\\\/www.theos-vienna.com\\\/de\\\/#organization\",\"name\":\"Theos Vienna\",\"url\":\"https:\\\/\\\/www.theos-vienna.com\\\/de\\\/\",\"logo\":{\"@type\":\"ImageObject\",\"inLanguage\":\"de\",\"@id\":\"https:\\\/\\\/www.theos-vienna.com\\\/de\\\/#\\\/schema\\\/logo\\\/image\\\/\",\"url\":\"https:\\\/\\\/www.theos-vienna.com\\\/wp-content\\\/uploads\\\/2024\\\/10\\\/THEOS-LOGO-03.png\",\"contentUrl\":\"https:\\\/\\\/www.theos-vienna.com\\\/wp-content\\\/uploads\\\/2024\\\/10\\\/THEOS-LOGO-03.png\",\"width\":881,\"height\":341,\"caption\":\"Theos Vienna\"},\"image\":{\"@id\":\"https:\\\/\\\/www.theos-vienna.com\\\/de\\\/#\\\/schema\\\/logo\\\/image\\\/\"}}]}<\/script>\n<!-- \/ Yoast SEO plugin. -->","yoast_head_json":{"title":"Aktuelles | Theo's Wien","description":"Theos Vienna ist der beste Ort in Wien, um die lokalen Spezialit\u00e4ten in perfekter Lage in \u00d6sterreich zu genie\u00dfen. Weitere Informationen hier!","robots":{"index":"index","follow":"follow","max-snippet":"max-snippet:-1","max-image-preview":"max-image-preview:large","max-video-preview":"max-video-preview:-1"},"canonical":"https:\/\/www.theos-vienna.com\/de\/whats-on\/","og_locale":"de_DE","og_type":"article","og_title":"Aktuelles | Theo's Wien","og_description":"Theos Vienna ist der beste Ort in Wien, um die lokalen Spezialit\u00e4ten in perfekter Lage in \u00d6sterreich zu genie\u00dfen. Weitere Informationen hier!","og_url":"https:\/\/www.theos-vienna.com\/de\/whats-on\/","og_site_name":"Theos Vienna","article_modified_time":"2025-12-10T11:48:31+00:00","og_image":[{"width":880,"height":620,"url":"https:\/\/www.theos-vienna.com\/wp-content\/uploads\/2025\/10\/Anantara_Palais_Hansen_Vienna_Hotel_Happy_Hour_Theos_Aperitif_880x620.jpg","type":"image\/jpeg"}],"twitter_card":"summary_large_image","twitter_misc":{"Gesch\u00e4tzte Lesezeit":"2\u00a0Minuten"},"schema":{"@context":"https:\/\/schema.org","@graph":[{"@type":"WebPage","@id":"https:\/\/www.theos-vienna.com\/de\/whats-on\/","url":"https:\/\/www.theos-vienna.com\/de\/whats-on\/","name":"Aktuelles | Theo's Wien","isPartOf":{"@id":"https:\/\/www.theos-vienna.com\/de\/#website"},"primaryImageOfPage":{"@id":"https:\/\/www.theos-vienna.com\/de\/whats-on\/#primaryimage"},"image":{"@id":"https:\/\/www.theos-vienna.com\/de\/whats-on\/#primaryimage"},"thumbnailUrl":"https:\/\/www.theos-vienna.com\/wp-content\/uploads\/2025\/10\/Anantara_Palais_Hansen_Vienna_Hotel_Happy_Hour_Theos_Aperitif_880x620.jpg","datePublished":"2024-10-31T14:40:34+00:00","dateModified":"2025-12-10T11:48:31+00:00","description":"Theos Vienna ist der beste Ort in Wien, um die lokalen Spezialit\u00e4ten in perfekter Lage in \u00d6sterreich zu genie\u00dfen. Weitere Informationen hier!","breadcrumb":{"@id":"https:\/\/www.theos-vienna.com\/de\/whats-on\/#breadcrumb"},"inLanguage":"de","potentialAction":[{"@type":"ReadAction","target":["https:\/\/www.theos-vienna.com\/de\/whats-on\/"]}]},{"@type":"ImageObject","inLanguage":"de","@id":"https:\/\/www.theos-vienna.com\/de\/whats-on\/#primaryimage","url":"https:\/\/www.theos-vienna.com\/wp-content\/uploads\/2025\/10\/Anantara_Palais_Hansen_Vienna_Hotel_Happy_Hour_Theos_Aperitif_880x620.jpg","contentUrl":"https:\/\/www.theos-vienna.com\/wp-content\/uploads\/2025\/10\/Anantara_Palais_Hansen_Vienna_Hotel_Happy_Hour_Theos_Aperitif_880x620.jpg"},{"@type":"BreadcrumbList","@id":"https:\/\/www.theos-vienna.com\/de\/whats-on\/#breadcrumb","itemListElement":[{"@type":"ListItem","position":1,"name":"Home","item":"https:\/\/www.theos-vienna.com\/de\/"},{"@type":"ListItem","position":2,"name":"Aktuelles"}]},{"@type":"WebSite","@id":"https:\/\/www.theos-vienna.com\/de\/#website","url":"https:\/\/www.theos-vienna.com\/de\/","name":"Theos Vienna","description":"","publisher":{"@id":"https:\/\/www.theos-vienna.com\/de\/#organization"},"potentialAction":[{"@type":"SearchAction","target":{"@type":"EntryPoint","urlTemplate":"https:\/\/www.theos-vienna.com\/de\/?s={search_term_string}"},"query-input":{"@type":"PropertyValueSpecification","valueRequired":true,"valueName":"search_term_string"}}],"inLanguage":"de"},{"@type":"Organization","@id":"https:\/\/www.theos-vienna.com\/de\/#organization","name":"Theos Vienna","url":"https:\/\/www.theos-vienna.com\/de\/","logo":{"@type":"ImageObject","inLanguage":"de","@id":"https:\/\/www.theos-vienna.com\/de\/#\/schema\/logo\/image\/","url":"https:\/\/www.theos-vienna.com\/wp-content\/uploads\/2024\/10\/THEOS-LOGO-03.png","contentUrl":"https:\/\/www.theos-vienna.com\/wp-content\/uploads\/2024\/10\/THEOS-LOGO-03.png","width":881,"height":341,"caption":"Theos Vienna"},"image":{"@id":"https:\/\/www.theos-vienna.com\/de\/#\/schema\/logo\/image\/"}}]}},"_links":{"self":[{"href":"https:\/\/www.theos-vienna.com\/de\/wp-json\/wp\/v2\/pages\/3634","targetHints":{"allow":["GET"]}}],"collection":[{"href":"https:\/\/www.theos-vienna.com\/de\/wp-json\/wp\/v2\/pages"}],"about":[{"href":"https:\/\/www.theos-vienna.com\/de\/wp-json\/wp\/v2\/types\/page"}],"author":[{"embeddable":true,"href":"https:\/\/www.theos-vienna.com\/de\/wp-json\/wp\/v2\/users\/2"}],"replies":[{"embeddable":true,"href":"https:\/\/www.theos-vienna.com\/de\/wp-json\/wp\/v2\/comments?post=3634"}],"version-history":[{"count":37,"href":"https:\/\/www.theos-vienna.com\/de\/wp-json\/wp\/v2\/pages\/3634\/revisions"}],"predecessor-version":[{"id":3855,"href":"https:\/\/www.theos-vienna.com\/de\/wp-json\/wp\/v2\/pages\/3634\/revisions\/3855"}],"wp:attachment":[{"href":"https:\/\/www.theos-vienna.com\/de\/wp-json\/wp\/v2\/media?parent=3634"}],"curies":[{"name":"wp","href":"https:\/\/api.w.org\/{rel}","templated":true}]}}